{"id":25,"date":"2024-04-15T18:49:51","date_gmt":"2024-04-15T16:49:51","guid":{"rendered":"https:\/\/aquamagic.com.gt\/website\/?page_id=25"},"modified":"2025-01-16T17:02:54","modified_gmt":"2025-01-16T23:02:54","slug":"barco-fantasma","status":"publish","type":"page","link":"https:\/\/aquamagic.com.gt\/website\/atracciones\/barco-fantasma\/","title":{"rendered":"Barco Fantasma"},"content":{"rendered":"\t\t<div data-elementor-type=\"wp-page\" data-elementor-id=\"25\" class=\"elementor elementor-25\" data-elementor-post-type=\"page\">\n\t\t\t\t<div class=\"elementor-element elementor-element-488ceae e-con-full e-flex e-con e-parent\" data-id=\"488ceae\" data-element_type=\"container\" data-settings=\"{&quot;background_background&quot;:&quot;classic&quot;}\">\n\t\t<div class=\"elementor-element elementor-element-ff49829 e-con-full e-flex e-con e-child\" data-id=\"ff49829\" data-element_type=\"container\">\n\t\t\t\t<div class=\"elementor-element elementor-element-cdfd7dd elementor-widget elementor-widget-heading\" data-id=\"cdfd7dd\" data-element_type=\"widget\" data-widget_type=\"heading.default\">\n\t\t\t\t<div class=\"elementor-widget-container\">\n\t\t\t\t\t<h2 class=\"elementor-heading-title elementor-size-default\">Barco Fantasma<\/h2>\t\t\t\t<\/div>\n\t\t\t\t<\/div>\n\t\t\t\t<div class=\"elementor-element elementor-element-ea9c65e elementor-widget elementor-widget-text-editor\" data-id=\"ea9c65e\" data-element_type=\"widget\" data-widget_type=\"text-editor.default\">\n\t\t\t\t<div class=\"elementor-widget-container\">\n\t\t\t\t\t\t\t\t\t<p>Piscinas tem\u00e1ticas para ni\u00f1os, con ca\u00f1ones de agua, resbaladeros, regaderas y un barco pirata.<\/p>\t\t\t\t\t\t\t\t<\/div>\n\t\t\t\t<\/div>\n\t\t\t\t<div class=\"elementor-element elementor-element-994c3b4 elementor-align-justify elementor-widget__width-initial elementor-widget elementor-widget-button\" data-id=\"994c3b4\" data-element_type=\"widget\" data-widget_type=\"button.default\">\n\t\t\t\t<div class=\"elementor-widget-container\">\n\t\t\t\t\t\t\t\t\t<div class=\"elementor-button-wrapper\">\n\t\t\t\t\t<a class=\"elementor-button elementor-button-link elementor-size-sm\" href=\"https:\/\/www.aquamagic.com.gt\/pagos\/\" target=\"_blank\">\n\t\t\t\t\t\t<span class=\"elementor-button-content-wrapper\">\n\t\t\t\t\t\t\t\t\t<span class=\"elementor-button-text\">Comprar entradas<\/span>\n\t\t\t\t\t<\/span>\n\t\t\t\t\t<\/a>\n\t\t\t\t<\/div>\n\t\t\t\t\t\t\t\t<\/div>\n\t\t\t\t<\/div>\n\t\t\t\t<\/div>\n\t\t<div class=\"elementor-element elementor-element-35fcdf0 e-con-full e-flex e-con e-child\" data-id=\"35fcdf0\" data-element_type=\"container\" data-settings=\"{&quot;background_background&quot;:&quot;gradient&quot;}\">\n\t\t\t\t<div class=\"elementor-element elementor-element-81e3de0 elementor-arrows-position-outside elementor-pagination-position-outside elementor-widget elementor-widget-image-carousel\" data-id=\"81e3de0\" data-element_type=\"widget\" data-settings=\"{&quot;slides_to_show&quot;:&quot;1&quot;,&quot;navigation&quot;:&quot;both&quot;,&quot;autoplay&quot;:&quot;yes&quot;,&quot;pause_on_hover&quot;:&quot;yes&quot;,&quot;pause_on_interaction&quot;:&quot;yes&quot;,&quot;autoplay_speed&quot;:5000,&quot;infinite&quot;:&quot;yes&quot;,&quot;effect&quot;:&quot;slide&quot;,&quot;speed&quot;:500}\" data-widget_type=\"image-carousel.default\">\n\t\t\t\t<div class=\"elementor-widget-container\">\n\t\t\t\t\t\t\t<div class=\"elementor-image-carousel-wrapper swiper\" role=\"region\" aria-roledescription=\"carousel\" aria-label=\"Carrusel de im\u00e1genes\" dir=\"ltr\">\n\t\t\t<div class=\"elementor-image-carousel swiper-wrapper\" aria-live=\"off\">\n\t\t\t\t\t\t\t\t<div class=\"swiper-slide\" role=\"group\" aria-roledescription=\"slide\" aria-label=\"1 de 6\"><figure class=\"swiper-slide-inner\"><img decoding=\"async\" class=\"swiper-slide-image\" src=\"https:\/\/aquamagic.com.gt\/website\/wp-content\/uploads\/elementor\/thumbs\/Asset-8FOTOSAQUA-qmrkiau49ajhny0py2qgea86qv0tjvt75xg8475fog.webp\" alt=\"Asset 8FOTOSAQUA\" \/><\/figure><\/div><div class=\"swiper-slide\" role=\"group\" aria-roledescription=\"slide\" aria-label=\"2 de 6\"><figure class=\"swiper-slide-inner\"><img decoding=\"async\" class=\"swiper-slide-image\" src=\"https:\/\/aquamagic.com.gt\/website\/wp-content\/uploads\/elementor\/thumbs\/Asset-13FOTOSAQUA-e1713225037370-qmrpriqi1nkgu1621d7ru19nq8du2dzyuh810gld40.webp\" alt=\"Asset 13FOTOSAQUA\" \/><\/figure><\/div><div class=\"swiper-slide\" role=\"group\" aria-roledescription=\"slide\" aria-label=\"3 de 6\"><figure class=\"swiper-slide-inner\"><img decoding=\"async\" class=\"swiper-slide-image\" src=\"https:\/\/aquamagic.com.gt\/website\/wp-content\/uploads\/elementor\/thumbs\/Asset-16FOTOSAQUA-qmrpmaqs2sf4c0r4j3ydzcpgx64fax9ngmqx14c3og.webp\" alt=\"Asset 16FOTOSAQUA\" \/><\/figure><\/div><div class=\"swiper-slide\" role=\"group\" aria-roledescription=\"slide\" aria-label=\"4 de 6\"><figure class=\"swiper-slide-inner\"><img decoding=\"async\" class=\"swiper-slide-image\" src=\"https:\/\/aquamagic.com.gt\/website\/wp-content\/uploads\/elementor\/thumbs\/Asset-17FOTOSAQUA-qmrpmgdt7smu9oixm6e5eba8hhcml3w1hentws3qn4.webp\" alt=\"Asset 17FOTOSAQUA\" \/><\/figure><\/div><div class=\"swiper-slide\" role=\"group\" aria-roledescription=\"slide\" aria-label=\"5 de 6\"><figure class=\"swiper-slide-inner\"><img decoding=\"async\" class=\"swiper-slide-image\" src=\"https:\/\/aquamagic.com.gt\/website\/wp-content\/uploads\/elementor\/thumbs\/Asset-19FOTOSAQUA-qmrpmnwiqgx4uk80e9n5y9dx8kbkaopw6fvpqzsl9c.webp\" alt=\"Asset 19FOTOSAQUA\" \/><\/figure><\/div><div class=\"swiper-slide\" role=\"group\" aria-roledescription=\"slide\" aria-label=\"6 de 6\"><figure class=\"swiper-slide-inner\"><img decoding=\"async\" class=\"swiper-slide-image\" src=\"https:\/\/aquamagic.com.gt\/website\/wp-content\/uploads\/elementor\/thumbs\/Asset-18FOTOSAQUA-qmrpmk55z4rzk4dh080noac2v0u3fwaytx9rtvy5y8.webp\" alt=\"Asset 18FOTOSAQUA\" \/><\/figure><\/div>\t\t\t<\/div>\n\t\t\t\t\t\t\t\t\t\t\t\t<div class=\"elementor-swiper-button elementor-swiper-button-prev\" role=\"button\" tabindex=\"0\">\n\t\t\t\t\t\t<svg aria-hidden=\"true\" class=\"e-font-icon-svg e-fas-chevron-circle-left\" viewBox=\"0 0 512 512\" xmlns=\"http:\/\/www.w3.org\/2000\/svg\"><path d=\"M256 504C119 504 8 393 8 256S119 8 256 8s248 111 248 248-111 248-248 248zM142.1 273l135.5 135.5c9.4 9.4 24.6 9.4 33.9 0l17-17c9.4-9.4 9.4-24.6 0-33.9L226.9 256l101.6-101.6c9.4-9.4 9.4-24.6 0-33.9l-17-17c-9.4-9.4-24.6-9.4-33.9 0L142.1 239c-9.4 9.4-9.4 24.6 0 34z\"><\/path><\/svg>\t\t\t\t\t<\/div>\n\t\t\t\t\t<div class=\"elementor-swiper-button elementor-swiper-button-next\" role=\"button\" tabindex=\"0\">\n\t\t\t\t\t\t<svg aria-hidden=\"true\" class=\"e-font-icon-svg e-fas-chevron-circle-right\" viewBox=\"0 0 512 512\" xmlns=\"http:\/\/www.w3.org\/2000\/svg\"><path d=\"M256 8c137 0 248 111 248 248S393 504 256 504 8 393 8 256 119 8 256 8zm113.9 231L234.4 103.5c-9.4-9.4-24.6-9.4-33.9 0l-17 17c-9.4 9.4-9.4 24.6 0 33.9L285.1 256 183.5 357.6c-9.4 9.4-9.4 24.6 0 33.9l17 17c9.4 9.4 24.6 9.4 33.9 0L369.9 273c9.4-9.4 9.4-24.6 0-34z\"><\/path><\/svg>\t\t\t\t\t<\/div>\n\t\t\t\t\n\t\t\t\t\t\t\t\t\t<div class=\"swiper-pagination\"><\/div>\n\t\t\t\t\t\t\t\t\t<\/div>\n\t\t\t\t\t\t<\/div>\n\t\t\t\t<\/div>\n\t\t\t\t<\/div>\n\t\t\t\t<\/div>\n\t\t\t\t<\/div>\n\t\t","protected":false},"excerpt":{"rendered":"<p>Barco Fantasma Piscinas tem\u00e1ticas para ni\u00f1os, con ca\u00f1ones de agua, resbaladeros, regaderas y un barco pirata. Comprar entradas<\/p>\n","protected":false},"author":1,"featured_media":0,"parent":17,"menu_order":0,"comment_status":"closed","ping_status":"closed","template":"elementor_header_footer","meta":{"footnotes":""},"class_list":["post-25","page","type-page","status-publish","hentry"],"_links":{"self":[{"href":"https:\/\/aquamagic.com.gt\/website\/wp-json\/wp\/v2\/pages\/25","targetHints":{"allow":["GET"]}}],"collection":[{"href":"https:\/\/aquamagic.com.gt\/website\/wp-json\/wp\/v2\/pages"}],"about":[{"href":"https:\/\/aquamagic.com.gt\/website\/wp-json\/wp\/v2\/types\/page"}],"author":[{"embeddable":true,"href":"https:\/\/aquamagic.com.gt\/website\/wp-json\/wp\/v2\/users\/1"}],"replies":[{"embeddable":true,"href":"https:\/\/aquamagic.com.gt\/website\/wp-json\/wp\/v2\/comments?post=25"}],"version-history":[{"count":13,"href":"https:\/\/aquamagic.com.gt\/website\/wp-json\/wp\/v2\/pages\/25\/revisions"}],"predecessor-version":[{"id":2186,"href":"https:\/\/aquamagic.com.gt\/website\/wp-json\/wp\/v2\/pages\/25\/revisions\/2186"}],"up":[{"embeddable":true,"href":"https:\/\/aquamagic.com.gt\/website\/wp-json\/wp\/v2\/pages\/17"}],"wp:attachment":[{"href":"https:\/\/aquamagic.com.gt\/website\/wp-json\/wp\/v2\/media?parent=25"}],"curies":[{"name":"wp","href":"https:\/\/api.w.org\/{rel}","templated":true}]}}